{"id":6,"date":"2025-01-31T13:50:52","date_gmt":"2025-01-31T13:50:52","guid":{"rendered":"http:\/\/imaginehealth.hu\/?page_id=6"},"modified":"2025-03-17T13:19:47","modified_gmt":"2025-03-17T13:19:47","slug":"kosar","status":"publish","type":"page","link":"https:\/\/imaginehealth.hu\/en\/kosar\/","title":{"rendered":"Kos\u00e1r"},"content":{"rendered":"<div data-block-name=\"woocommerce\/cart\" class=\"wp-block-woocommerce-cart alignwide is-loading\">\n<div data-block-name=\"woocommerce\/filled-cart-block\" class=\"wp-block-woocommerce-filled-cart-block\">\n<div data-block-name=\"woocommerce\/cart-items-block\" class=\"wp-block-woocommerce-cart-items-block\">\n<div data-block-name=\"woocommerce\/cart-line-items-block\" class=\"wp-block-woocommerce-cart-line-items-block\"><\/div>\n\n\n\n<div data-block-name=\"woocommerce\/cart-cross-sells-block\" class=\"wp-block-woocommerce-cart-cross-sells-block\">\n<div class=\"wp-block-stackable-heading stk-block-heading stk-block-heading--v2 stk-block stk-d9fdd50\" id=\"ezek-is-erdekelhetnek\" data-block-id=\"d9fdd50\"><h2 class=\"stk-block-heading__text\">Ezek is \u00e9rdekelhetnek:<\/h2><\/div>\n\n\n\n<div data-block-name=\"woocommerce\/cart-cross-sells-products-block\" class=\"wp-block-woocommerce-cart-cross-sells-products-block\"><\/div>\n<\/div>\n<\/div>\n\n\n\n<div data-block-name=\"woocommerce\/cart-totals-block\" class=\"wp-block-woocommerce-cart-totals-block\">\n<div data-block-name=\"woocommerce\/cart-order-summary-block\" class=\"wp-block-woocommerce-cart-order-summary-block\">\n<div data-block-name=\"woocommerce\/cart-order-summary-heading-block\" data-content=\"Kos\u00e1r \u00f6sszesen\" class=\"wp-block-woocommerce-cart-order-summary-heading-block\"><\/div>\n\n\n\n<div data-block-name=\"woocommerce\/cart-order-summary-coupon-form-block\" class=\"wp-block-woocommerce-cart-order-summary-coupon-form-block\"><\/div>\n\n\n\n<div data-block-name=\"woocommerce\/cart-order-summary-totals-block\" class=\"wp-block-woocommerce-cart-order-summary-totals-block\">\n<div data-block-name=\"woocommerce\/cart-order-summary-subtotal-block\" class=\"wp-block-woocommerce-cart-order-summary-subtotal-block\"><\/div>\n\n\n\n<div data-block-name=\"woocommerce\/cart-order-summary-fee-block\" class=\"wp-block-woocommerce-cart-order-summary-fee-block\"><\/div>\n\n\n\n<div data-block-name=\"woocommerce\/cart-order-summary-discount-block\" class=\"wp-block-woocommerce-cart-order-summary-discount-block\"><\/div>\n\n\n\n<div data-block-name=\"woocommerce\/cart-order-summary-shipping-block\" class=\"wp-block-woocommerce-cart-order-summary-shipping-block\"><\/div>\n\n\n\n<div data-block-name=\"woocommerce\/cart-order-summary-taxes-block\" class=\"wp-block-woocommerce-cart-order-summary-taxes-block\"><\/div>\n<\/div>\n<\/div>\n\n\n\n<div data-block-name=\"woocommerce\/cart-express-payment-block\" class=\"wp-block-woocommerce-cart-express-payment-block\"><\/div>\n\n\n\n<div data-block-name=\"woocommerce\/proceed-to-checkout-block\" class=\"wp-block-woocommerce-proceed-to-checkout-block\"><\/div>\n\n\n\n<div data-block-name=\"woocommerce\/cart-accepted-payment-methods-block\" class=\"wp-block-woocommerce-cart-accepted-payment-methods-block\"><\/div>\n<\/div>\n<\/div>\n\n\n\n<div data-block-name=\"woocommerce\/empty-cart-block\" class=\"wp-block-woocommerce-empty-cart-block\">\n<h2 class=\"wp-block-heading has-text-align-center with-empty-cart-icon wc-block-cart__empty-cart__title\" id=\"your-cart-is-currently-empty\">Your cart is currently empty!<\/h2>\n\n\n\n<hr class=\"wp-block-separator has-alpha-channel-opacity is-style-dots\"\/>\n\n\n\n<h2 class=\"wp-block-heading has-text-align-center\" id=\"new-in-store\">New in store<\/h2>\n\n\n<div data-block-name=\"woocommerce\/product-new\" data-columns=\"4\" data-rows=\"1\" class=\"wc-block-grid wp-block-product-new wp-block-woocommerce-product-new wc-block-product-new has-4-columns\"><ul class=\"wc-block-grid__products\"><li class=\"wc-block-grid__product\">\n\t\t\t\t<a href=\"https:\/\/imaginehealth.hu\/en\/product\/vitalpress-health-hot-and-cold-massage-gun-head\/\" class=\"wc-block-grid__product-link\">\n\t\t\t\t\t\n\t\t\t\t\t<div class=\"wc-block-grid__product-image\"><img loading=\"lazy\" decoding=\"async\" width=\"300\" height=\"300\" src=\"https:\/\/imaginehealth.hu\/wp-content\/uploads\/2025\/03\/IMAGINEHEALTH-TERMEKKEPEK-2025-03-05T115434.608-300x300.jpg\" class=\"attachment-woocommerce_thumbnail size-woocommerce_thumbnail\" alt=\"Imagine Health - innovat\u00edv rekre\u00e1ci\u00f3s megold\u00e1sok, VITALPRESS HEALTH nyirokmassz\u00e1zs, v\u00e9namassz\u00e1zs, massz\u00e1zster\u00e1pia, professzion\u00e1lis l\u00e9gkamr\u00e1s l\u00e1bmassz\u00edroz\u00f3\" srcset=\"https:\/\/imaginehealth.hu\/wp-content\/uploads\/2025\/03\/IMAGINEHEALTH-TERMEKKEPEK-2025-03-05T115434.608-300x300.jpg 300w, https:\/\/imaginehealth.hu\/wp-content\/uploads\/2025\/03\/IMAGINEHEALTH-TERMEKKEPEK-2025-03-05T115434.608-1024x1024.jpg 1024w, https:\/\/imaginehealth.hu\/wp-content\/uploads\/2025\/03\/IMAGINEHEALTH-TERMEKKEPEK-2025-03-05T115434.608-150x150.jpg 150w, https:\/\/imaginehealth.hu\/wp-content\/uploads\/2025\/03\/IMAGINEHEALTH-TERMEKKEPEK-2025-03-05T115434.608-768x768.jpg 768w, https:\/\/imaginehealth.hu\/wp-content\/uploads\/2025\/03\/IMAGINEHEALTH-TERMEKKEPEK-2025-03-05T115434.608-1536x1536.jpg 1536w, https:\/\/imaginehealth.hu\/wp-content\/uploads\/2025\/03\/IMAGINEHEALTH-TERMEKKEPEK-2025-03-05T115434.608-600x600.jpg 600w, https:\/\/imaginehealth.hu\/wp-content\/uploads\/2025\/03\/IMAGINEHEALTH-TERMEKKEPEK-2025-03-05T115434.608.jpg 2000w\" sizes=\"auto, (max-width: 300px) 100vw, 300px\" \/><\/div>\n\t\t\t\t\t<div class=\"wc-block-grid__product-title\">VITALPRESS HEALTH HOT AND COLD MASSAGE<\/div>\n\t\t\t\t<\/a>\n\t\t\t\t<div class=\"wc-block-grid__product-price price\"><span class=\"woocommerce-Price-amount amount\">19 990<span class=\"woocommerce-Price-currencySymbol\">&#070;&#116;<\/span><\/span><\/div>\n\t\t\t\t\n\t\t\t\t<div class=\"wp-block-button wc-block-grid__product-add-to-cart\"><a href=\"\/en\/wp-json\/wp\/v2\/pages\/6?add-to-cart=4929\" aria-label=\"Add to cart: \u201cVITALPRESS HEALTH HOT AND COLD MASSAGE\u201d\" data-quantity=\"1\" data-product_id=\"4929\" data-product_sku=\"VPH-HM\" data-price=\"19990\" rel=\"nofollow\" class=\"wp-block-button__link  add_to_cart_button ajax_add_to_cart\" data-no-translation=\"\" data-trp-gettext=\"\" data-no-translation-aria-label=\"\">Add to basket<\/a><\/div>\n\t\t\t<\/li><li class=\"wc-block-grid__product\">\n\t\t\t\t<a href=\"https:\/\/imaginehealth.hu\/en\/product\/vitalpress-health-3890k\/\" class=\"wc-block-grid__product-link\">\n\t\t\t\t\t\n\t\t\t\t\t<div class=\"wc-block-grid__product-image\"><img loading=\"lazy\" decoding=\"async\" width=\"300\" height=\"300\" src=\"https:\/\/imaginehealth.hu\/wp-content\/uploads\/2025\/03\/IMAGINEHEALTH-TERMEKKEPEK-2025-03-04T205928.506-300x300.jpg\" class=\"attachment-woocommerce_thumbnail size-woocommerce_thumbnail\" alt=\"Imagine Health - innovat\u00edv rekre\u00e1ci\u00f3s megold\u00e1sok, VITALPRESS HEALTH nyirokmassz\u00e1zs, v\u00e9namassz\u00e1zs, massz\u00e1zster\u00e1pia, professzion\u00e1lis l\u00e9gkamr\u00e1s l\u00e1bmassz\u00edroz\u00f3\" srcset=\"https:\/\/imaginehealth.hu\/wp-content\/uploads\/2025\/03\/IMAGINEHEALTH-TERMEKKEPEK-2025-03-04T205928.506-300x300.jpg 300w, https:\/\/imaginehealth.hu\/wp-content\/uploads\/2025\/03\/IMAGINEHEALTH-TERMEKKEPEK-2025-03-04T205928.506-1024x1024.jpg 1024w, https:\/\/imaginehealth.hu\/wp-content\/uploads\/2025\/03\/IMAGINEHEALTH-TERMEKKEPEK-2025-03-04T205928.506-150x150.jpg 150w, https:\/\/imaginehealth.hu\/wp-content\/uploads\/2025\/03\/IMAGINEHEALTH-TERMEKKEPEK-2025-03-04T205928.506-768x768.jpg 768w, https:\/\/imaginehealth.hu\/wp-content\/uploads\/2025\/03\/IMAGINEHEALTH-TERMEKKEPEK-2025-03-04T205928.506-1536x1536.jpg 1536w, https:\/\/imaginehealth.hu\/wp-content\/uploads\/2025\/03\/IMAGINEHEALTH-TERMEKKEPEK-2025-03-04T205928.506-600x600.jpg 600w, https:\/\/imaginehealth.hu\/wp-content\/uploads\/2025\/03\/IMAGINEHEALTH-TERMEKKEPEK-2025-03-04T205928.506.jpg 2000w\" sizes=\"auto, (max-width: 300px) 100vw, 300px\" \/><\/div>\n\t\t\t\t\t<div class=\"wc-block-grid__product-title\">VITALPRESS HEALTH 3890K<\/div>\n\t\t\t\t<\/a>\n\t\t\t\t<div class=\"wc-block-grid__product-price price\"><span class=\"woocommerce-Price-amount amount\">164 990<span class=\"woocommerce-Price-currencySymbol\">&#070;&#116;<\/span><\/span><\/div>\n\t\t\t\t\n\t\t\t\t<div class=\"wp-block-button wc-block-grid__product-add-to-cart\"><a href=\"\/en\/wp-json\/wp\/v2\/pages\/6?add-to-cart=4865\" aria-label=\"Add to cart: \u201cVITALPRESS HEALTH 3890K\u201d\" data-quantity=\"1\" data-product_id=\"4865\" data-product_sku=\"VPH-3890K\" data-price=\"164990\" rel=\"nofollow\" class=\"wp-block-button__link  add_to_cart_button ajax_add_to_cart\" data-no-translation=\"\" data-trp-gettext=\"\" data-no-translation-aria-label=\"\">Add to basket<\/a><\/div>\n\t\t\t<\/li><li class=\"wc-block-grid__product\">\n\t\t\t\t<a href=\"https:\/\/imaginehealth.hu\/en\/product\/vitalpress-health-3690k\/\" class=\"wc-block-grid__product-link\">\n\t\t\t\t\t\n\t\t\t\t\t<div class=\"wc-block-grid__product-image\"><img loading=\"lazy\" decoding=\"async\" width=\"300\" height=\"300\" src=\"https:\/\/imaginehealth.hu\/wp-content\/uploads\/2025\/03\/IMAGINEHEALTH-TERMEKKEPEK-2025-03-04T205928.506-300x300.jpg\" class=\"attachment-woocommerce_thumbnail size-woocommerce_thumbnail\" alt=\"Imagine Health - innovat\u00edv rekre\u00e1ci\u00f3s megold\u00e1sok, VITALPRESS HEALTH nyirokmassz\u00e1zs, v\u00e9namassz\u00e1zs, massz\u00e1zster\u00e1pia, professzion\u00e1lis l\u00e9gkamr\u00e1s l\u00e1bmassz\u00edroz\u00f3\" srcset=\"https:\/\/imaginehealth.hu\/wp-content\/uploads\/2025\/03\/IMAGINEHEALTH-TERMEKKEPEK-2025-03-04T205928.506-300x300.jpg 300w, https:\/\/imaginehealth.hu\/wp-content\/uploads\/2025\/03\/IMAGINEHEALTH-TERMEKKEPEK-2025-03-04T205928.506-1024x1024.jpg 1024w, https:\/\/imaginehealth.hu\/wp-content\/uploads\/2025\/03\/IMAGINEHEALTH-TERMEKKEPEK-2025-03-04T205928.506-150x150.jpg 150w, https:\/\/imaginehealth.hu\/wp-content\/uploads\/2025\/03\/IMAGINEHEALTH-TERMEKKEPEK-2025-03-04T205928.506-768x768.jpg 768w, https:\/\/imaginehealth.hu\/wp-content\/uploads\/2025\/03\/IMAGINEHEALTH-TERMEKKEPEK-2025-03-04T205928.506-1536x1536.jpg 1536w, https:\/\/imaginehealth.hu\/wp-content\/uploads\/2025\/03\/IMAGINEHEALTH-TERMEKKEPEK-2025-03-04T205928.506-600x600.jpg 600w, https:\/\/imaginehealth.hu\/wp-content\/uploads\/2025\/03\/IMAGINEHEALTH-TERMEKKEPEK-2025-03-04T205928.506.jpg 2000w\" sizes=\"auto, (max-width: 300px) 100vw, 300px\" \/><\/div>\n\t\t\t\t\t<div class=\"wc-block-grid__product-title\">VITALPRESS HEALTH 3690K<\/div>\n\t\t\t\t<\/a>\n\t\t\t\t<div class=\"wc-block-grid__product-price price\"><span class=\"woocommerce-Price-amount amount\">154 990<span class=\"woocommerce-Price-currencySymbol\">&#070;&#116;<\/span><\/span><\/div>\n\t\t\t\t\n\t\t\t\t<div class=\"wp-block-button wc-block-grid__product-add-to-cart\"><a href=\"\/en\/wp-json\/wp\/v2\/pages\/6?add-to-cart=4859\" aria-label=\"Add to cart: \u201cVITALPRESS HEALTH 3690K\u201d\" data-quantity=\"1\" data-product_id=\"4859\" data-product_sku=\"VPH-3690K\" data-price=\"154990\" rel=\"nofollow\" class=\"wp-block-button__link  add_to_cart_button ajax_add_to_cart\" data-no-translation=\"\" data-trp-gettext=\"\" data-no-translation-aria-label=\"\">Add to basket<\/a><\/div>\n\t\t\t<\/li><li class=\"wc-block-grid__product\">\n\t\t\t\t<a href=\"https:\/\/imaginehealth.hu\/en\/product\/vitalpress-health-2890k\/\" class=\"wc-block-grid__product-link\">\n\t\t\t\t\t\n\t\t\t\t\t<div class=\"wc-block-grid__product-image\"><img loading=\"lazy\" decoding=\"async\" width=\"300\" height=\"300\" src=\"https:\/\/imaginehealth.hu\/wp-content\/uploads\/2025\/03\/IMAGINEHEALTH-TERMEKKEPEK-2025-03-04T134713.155-300x300.jpg\" class=\"attachment-woocommerce_thumbnail size-woocommerce_thumbnail\" alt=\"Imagine Health - innovat\u00edv rekre\u00e1ci\u00f3s megold\u00e1sok, VITALPRESS HEALTH nyirokmassz\u00e1zs, v\u00e9namassz\u00e1zs, massz\u00e1zster\u00e1pia, professzion\u00e1lis l\u00e9gkamr\u00e1s l\u00e1bmassz\u00edroz\u00f3\" srcset=\"https:\/\/imaginehealth.hu\/wp-content\/uploads\/2025\/03\/IMAGINEHEALTH-TERMEKKEPEK-2025-03-04T134713.155-300x300.jpg 300w, https:\/\/imaginehealth.hu\/wp-content\/uploads\/2025\/03\/IMAGINEHEALTH-TERMEKKEPEK-2025-03-04T134713.155-1024x1024.jpg 1024w, https:\/\/imaginehealth.hu\/wp-content\/uploads\/2025\/03\/IMAGINEHEALTH-TERMEKKEPEK-2025-03-04T134713.155-150x150.jpg 150w, https:\/\/imaginehealth.hu\/wp-content\/uploads\/2025\/03\/IMAGINEHEALTH-TERMEKKEPEK-2025-03-04T134713.155-768x768.jpg 768w, https:\/\/imaginehealth.hu\/wp-content\/uploads\/2025\/03\/IMAGINEHEALTH-TERMEKKEPEK-2025-03-04T134713.155-1536x1536.jpg 1536w, https:\/\/imaginehealth.hu\/wp-content\/uploads\/2025\/03\/IMAGINEHEALTH-TERMEKKEPEK-2025-03-04T134713.155-600x600.jpg 600w, https:\/\/imaginehealth.hu\/wp-content\/uploads\/2025\/03\/IMAGINEHEALTH-TERMEKKEPEK-2025-03-04T134713.155.jpg 2000w\" sizes=\"auto, (max-width: 300px) 100vw, 300px\" \/><\/div>\n\t\t\t\t\t<div class=\"wc-block-grid__product-title\">VITALPRESS HEALTH 2890K<\/div>\n\t\t\t\t<\/a>\n\t\t\t\t<div class=\"wc-block-grid__product-price price\"><span class=\"woocommerce-Price-amount amount\">146 990<span class=\"woocommerce-Price-currencySymbol\">&#070;&#116;<\/span><\/span><\/div>\n\t\t\t\t\n\t\t\t\t<div class=\"wp-block-button wc-block-grid__product-add-to-cart\"><a href=\"\/en\/wp-json\/wp\/v2\/pages\/6?add-to-cart=4852\" aria-label=\"Add to cart: \u201cVITALPRESS HEALTH 2890K\u201d\" data-quantity=\"1\" data-product_id=\"4852\" data-product_sku=\"VPH-2890K\" data-price=\"146990\" rel=\"nofollow\" class=\"wp-block-button__link  add_to_cart_button ajax_add_to_cart\" data-no-translation=\"\" data-trp-gettext=\"\" data-no-translation-aria-label=\"\">Add to basket<\/a><\/div>\n\t\t\t<\/li><\/ul><\/div><\/div>\n<\/div>","protected":false},"excerpt":{"rendered":"","protected":false},"author":1,"featured_media":0,"parent":0,"menu_order":0,"comment_status":"closed","ping_status":"closed","template":"","meta":{"_gspb_post_css":"","_crdt_document":"","footnotes":""},"class_list":["post-6","page","type-page","status-publish","hentry"],"blocksy_meta":[],"yoast_head":"<!-- This site is optimized with the Yoast SEO plugin v27.6 - https:\/\/yoast.com\/product\/yoast-seo-wordpress\/ -->\n<title>Kos\u00e1r - Imagine Health<\/title>\n<meta name=\"robots\" content=\"index, follow, max-snippet:-1, max-image-preview:large, max-video-preview:-1\" \/>\n<link rel=\"canonical\" href=\"https:\/\/imaginehealth.hu\/en\/kosar\/\" \/>\n<meta property=\"og:locale\" content=\"en_US\" \/>\n<meta property=\"og:type\" content=\"article\" \/>\n<meta property=\"og:title\" content=\"Kos\u00e1r - Imagine Health\" \/>\n<meta property=\"og:url\" content=\"https:\/\/imaginehealth.hu\/en\/kosar\/\" \/>\n<meta property=\"og:site_name\" content=\"Imagine Health\" \/>\n<meta property=\"article:modified_time\" content=\"2025-03-17T13:19:47+00:00\" \/>\n<meta name=\"twitter:card\" content=\"summary_large_image\" \/>\n<meta name=\"twitter:label1\" content=\"Est. reading time\" \/>\n\t<meta name=\"twitter:data1\" content=\"1 minute\" \/>\n<script type=\"application\/ld+json\" class=\"yoast-schema-graph\">{\"@context\":\"https:\\\/\\\/schema.org\",\"@graph\":[{\"@type\":\"WebPage\",\"@id\":\"https:\\\/\\\/imaginehealth.hu\\\/kosar\\\/\",\"url\":\"https:\\\/\\\/imaginehealth.hu\\\/kosar\\\/\",\"name\":\"Kos\u00e1r - Imagine Health\",\"isPartOf\":{\"@id\":\"https:\\\/\\\/imaginehealth.hu\\\/#website\"},\"datePublished\":\"2025-01-31T13:50:52+00:00\",\"dateModified\":\"2025-03-17T13:19:47+00:00\",\"breadcrumb\":{\"@id\":\"https:\\\/\\\/imaginehealth.hu\\\/kosar\\\/#breadcrumb\"},\"inLanguage\":\"en-US\",\"potentialAction\":[{\"@type\":\"ReadAction\",\"target\":[\"https:\\\/\\\/imaginehealth.hu\\\/kosar\\\/\"]}]},{\"@type\":\"BreadcrumbList\",\"@id\":\"https:\\\/\\\/imaginehealth.hu\\\/kosar\\\/#breadcrumb\",\"itemListElement\":[{\"@type\":\"ListItem\",\"position\":1,\"name\":\"Kezd\u0151lap\",\"item\":\"https:\\\/\\\/imaginehealth.hu\\\/\"},{\"@type\":\"ListItem\",\"position\":2,\"name\":\"Kos\u00e1r\"}]},{\"@type\":\"WebSite\",\"@id\":\"https:\\\/\\\/imaginehealth.hu\\\/#website\",\"url\":\"https:\\\/\\\/imaginehealth.hu\\\/\",\"name\":\"Imagine Health\",\"description\":\"Innovat\u00edv wellness \u00e9s regener\u00e1ci\u00f3s eszk\u00f6z\u00f6k\",\"publisher\":{\"@id\":\"https:\\\/\\\/imaginehealth.hu\\\/#organization\"},\"potentialAction\":[{\"@type\":\"SearchAction\",\"target\":{\"@type\":\"EntryPoint\",\"urlTemplate\":\"https:\\\/\\\/imaginehealth.hu\\\/?s={search_term_string}\"},\"query-input\":{\"@type\":\"PropertyValueSpecification\",\"valueRequired\":true,\"valueName\":\"search_term_string\"}}],\"inLanguage\":\"en-US\"},{\"@type\":\"Organization\",\"@id\":\"https:\\\/\\\/imaginehealth.hu\\\/#organization\",\"name\":\"Imagine Health\",\"url\":\"https:\\\/\\\/imaginehealth.hu\\\/\",\"logo\":{\"@type\":\"ImageObject\",\"inLanguage\":\"en-US\",\"@id\":\"https:\\\/\\\/imaginehealth.hu\\\/#\\\/schema\\\/logo\\\/image\\\/\",\"url\":\"https:\\\/\\\/imaginehealth.hu\\\/wp-content\\\/uploads\\\/2025\\\/04\\\/IMAGINE-HEALTH-logo-colorblack-small.png\",\"contentUrl\":\"https:\\\/\\\/imaginehealth.hu\\\/wp-content\\\/uploads\\\/2025\\\/04\\\/IMAGINE-HEALTH-logo-colorblack-small.png\",\"width\":1000,\"height\":156,\"caption\":\"Imagine Health\"},\"image\":{\"@id\":\"https:\\\/\\\/imaginehealth.hu\\\/#\\\/schema\\\/logo\\\/image\\\/\"}}]}<\/script>\n<!-- \/ Yoast SEO plugin. -->","yoast_head_json":{"title":"Kos\u00e1r - Imagine Health","robots":{"index":"index","follow":"follow","max-snippet":"max-snippet:-1","max-image-preview":"max-image-preview:large","max-video-preview":"max-video-preview:-1"},"canonical":"https:\/\/imaginehealth.hu\/en\/kosar\/","og_locale":"en_US","og_type":"article","og_title":"Kos\u00e1r - Imagine Health","og_url":"https:\/\/imaginehealth.hu\/en\/kosar\/","og_site_name":"Imagine Health","article_modified_time":"2025-03-17T13:19:47+00:00","twitter_card":"summary_large_image","twitter_misc":{"Est. reading time":"1 minute"},"schema":{"@context":"https:\/\/schema.org","@graph":[{"@type":"WebPage","@id":"https:\/\/imaginehealth.hu\/kosar\/","url":"https:\/\/imaginehealth.hu\/kosar\/","name":"Kos\u00e1r - Imagine Health","isPartOf":{"@id":"https:\/\/imaginehealth.hu\/#website"},"datePublished":"2025-01-31T13:50:52+00:00","dateModified":"2025-03-17T13:19:47+00:00","breadcrumb":{"@id":"https:\/\/imaginehealth.hu\/kosar\/#breadcrumb"},"inLanguage":"en-US","potentialAction":[{"@type":"ReadAction","target":["https:\/\/imaginehealth.hu\/kosar\/"]}]},{"@type":"BreadcrumbList","@id":"https:\/\/imaginehealth.hu\/kosar\/#breadcrumb","itemListElement":[{"@type":"ListItem","position":1,"name":"Kezd\u0151lap","item":"https:\/\/imaginehealth.hu\/"},{"@type":"ListItem","position":2,"name":"Kos\u00e1r"}]},{"@type":"WebSite","@id":"https:\/\/imaginehealth.hu\/#website","url":"https:\/\/imaginehealth.hu\/","name":"Imagine Health","description":"Innovat\u00edv wellness \u00e9s regener\u00e1ci\u00f3s eszk\u00f6z\u00f6k","publisher":{"@id":"https:\/\/imaginehealth.hu\/#organization"},"potentialAction":[{"@type":"SearchAction","target":{"@type":"EntryPoint","urlTemplate":"https:\/\/imaginehealth.hu\/?s={search_term_string}"},"query-input":{"@type":"PropertyValueSpecification","valueRequired":true,"valueName":"search_term_string"}}],"inLanguage":"en-US"},{"@type":"Organization","@id":"https:\/\/imaginehealth.hu\/#organization","name":"Imagine Health","url":"https:\/\/imaginehealth.hu\/","logo":{"@type":"ImageObject","inLanguage":"en-US","@id":"https:\/\/imaginehealth.hu\/#\/schema\/logo\/image\/","url":"https:\/\/imaginehealth.hu\/wp-content\/uploads\/2025\/04\/IMAGINE-HEALTH-logo-colorblack-small.png","contentUrl":"https:\/\/imaginehealth.hu\/wp-content\/uploads\/2025\/04\/IMAGINE-HEALTH-logo-colorblack-small.png","width":1000,"height":156,"caption":"Imagine Health"},"image":{"@id":"https:\/\/imaginehealth.hu\/#\/schema\/logo\/image\/"}}]}},"_links":{"self":[{"href":"https:\/\/imaginehealth.hu\/en\/wp-json\/wp\/v2\/pages\/6","targetHints":{"allow":["GET"]}}],"collection":[{"href":"https:\/\/imaginehealth.hu\/en\/wp-json\/wp\/v2\/pages"}],"about":[{"href":"https:\/\/imaginehealth.hu\/en\/wp-json\/wp\/v2\/types\/page"}],"author":[{"embeddable":true,"href":"https:\/\/imaginehealth.hu\/en\/wp-json\/wp\/v2\/users\/1"}],"replies":[{"embeddable":true,"href":"https:\/\/imaginehealth.hu\/en\/wp-json\/wp\/v2\/comments?post=6"}],"version-history":[{"count":0,"href":"https:\/\/imaginehealth.hu\/en\/wp-json\/wp\/v2\/pages\/6\/revisions"}],"wp:attachment":[{"href":"https:\/\/imaginehealth.hu\/en\/wp-json\/wp\/v2\/media?parent=6"}],"curies":[{"name":"wp","href":"https:\/\/api.w.org\/{rel}","templated":true}]}}